{"id":107,"date":"2026-02-01T22:27:00","date_gmt":"2026-02-01T22:27:00","guid":{"rendered":"https:\/\/conciertosdibujados.com\/?page_id=107"},"modified":"2026-04-20T09:08:20","modified_gmt":"2026-04-20T09:08:20","slug":"que-es-esto","status":"publish","type":"page","link":"https:\/\/conciertosdibujados.com\/?page_id=107","title":{"rendered":"qui\u00e9nes somos"},"content":{"rendered":"\n<p>Conciertos Dibujados es un proyecto ideado, producido y dirigido por <a href=\"https:\/\/prevee.net\/\" data-type=\"link\" data-id=\"https:\/\/prevee.net\/\" target=\"_blank\" rel=\"noreferrer noopener\">Fernando Valero<\/a> y&nbsp;<a href=\"https:\/\/www.instagram.com\/jotalynnot\/\">Jos\u00e9 Luis Garc\u00eda \u00abJota Lynnot<\/a>\u00ab, en el que m\u00fasica, artes esc\u00e9nicas y dibujo se a\u00fanan para crear una experiencia impactante.<\/p>\n\n\n\n<p>Un concepto que lleva la narrativa visual del comic a los escenarios para el disfrute de grandes y peque\u00f1os.<\/p>\n\n\n\n<p>Logos dise\u00f1ados por <a href=\"https:\/\/www.clarasoriano.com\/\" data-type=\"link\" data-id=\"https:\/\/www.clarasoriano.com\/\" target=\"_blank\" rel=\"noreferrer noopener\">Clara Soriano<\/a><\/p>\n\n\n\n<figure class=\"wp-block-image size-large\"><img loading=\"lazy\" decoding=\"async\" width=\"820\" height=\"1024\" src=\"https:\/\/conciertosdibujados.com\/wp-content\/uploads\/2026\/02\/WhatsApp-Image-2026-02-01-at-19.35.40-820x1024.jpeg\" alt=\"\" class=\"wp-image-110\" srcset=\"https:\/\/conciertosdibujados.com\/wp-content\/uploads\/2026\/02\/WhatsApp-Image-2026-02-01-at-19.35.40-820x1024.jpeg 820w, https:\/\/conciertosdibujados.com\/wp-content\/uploads\/2026\/02\/WhatsApp-Image-2026-02-01-at-19.35.40-240x300.jpeg 240w, https:\/\/conciertosdibujados.com\/wp-content\/uploads\/2026\/02\/WhatsApp-Image-2026-02-01-at-19.35.40-768x960.jpeg 768w, https:\/\/conciertosdibujados.com\/wp-content\/uploads\/2026\/02\/WhatsApp-Image-2026-02-01-at-19.35.40-1229x1536.jpeg 1229w, https:\/\/conciertosdibujados.com\/wp-content\/uploads\/2026\/02\/WhatsApp-Image-2026-02-01-at-19.35.40.jpeg 1339w\" sizes=\"auto, (max-width: 820px) 100vw, 820px\" \/><\/figure>\n\n\n\n<figure class=\"wp-block-image size-large\"><img loading=\"lazy\" decoding=\"async\" width=\"873\" height=\"1024\" src=\"https:\/\/conciertosdibujados.com\/wp-content\/uploads\/2026\/02\/CARTEL-873x1024.jpg\" alt=\"\" class=\"wp-image-108\" srcset=\"https:\/\/conciertosdibujados.com\/wp-content\/uploads\/2026\/02\/CARTEL-873x1024.jpg 873w, https:\/\/conciertosdibujados.com\/wp-content\/uploads\/2026\/02\/CARTEL-256x300.jpg 256w, https:\/\/conciertosdibujados.com\/wp-content\/uploads\/2026\/02\/CARTEL-768x901.jpg 768w, https:\/\/conciertosdibujados.com\/wp-content\/uploads\/2026\/02\/CARTEL.jpg 895w\" sizes=\"auto, (max-width: 873px) 100vw, 873px\" \/><\/figure>\n\n\n\n<figure class=\"wp-block-image size-large\"><img loading=\"lazy\" decoding=\"async\" width=\"896\" height=\"1024\" src=\"https:\/\/conciertosdibujados.com\/wp-content\/uploads\/2026\/02\/superpatatamusicalposter-896x1024.jpg\" alt=\"\" class=\"wp-image-109\" srcset=\"https:\/\/conciertosdibujados.com\/wp-content\/uploads\/2026\/02\/superpatatamusicalposter-896x1024.jpg 896w, https:\/\/conciertosdibujados.com\/wp-content\/uploads\/2026\/02\/superpatatamusicalposter-262x300.jpg 262w, https:\/\/conciertosdibujados.com\/wp-content\/uploads\/2026\/02\/superpatatamusicalposter-768x878.jpg 768w, https:\/\/conciertosdibujados.com\/wp-content\/uploads\/2026\/02\/superpatatamusicalposter-1343x1536.jpg 1343w, https:\/\/conciertosdibujados.com\/wp-content\/uploads\/2026\/02\/superpatatamusicalposter-1791x2048.jpg 1791w\" sizes=\"auto, (max-width: 896px) 100vw, 896px\" \/><\/figure>\n","protected":false},"excerpt":{"rendered":"<p>Conciertos Dibujados es un proyecto ideado, producido y dirigido por Fernando Valero y&nbsp;Jos\u00e9 Luis Garc\u00eda \u00abJota Lynnot\u00ab, en el que m\u00fasica, artes esc\u00e9nicas y dibujo se a\u00fanan para crear una experiencia impactante. Un concepto que lleva la narrativa visual del comic a los escenarios para el disfrute de grandes y peque\u00f1os. Logos dise\u00f1ados por Clara [&hellip;]<\/p>\n","protected":false},"author":1,"featured_media":0,"parent":0,"menu_order":1,"comment_status":"closed","ping_status":"closed","template":"","meta":{"footnotes":""},"class_list":["post-107","page","type-page","status-publish","hentry"],"_links":{"self":[{"href":"https:\/\/conciertosdibujados.com\/index.php?rest_route=\/wp\/v2\/pages\/107","targetHints":{"allow":["GET"]}}],"collection":[{"href":"https:\/\/conciertosdibujados.com\/index.php?rest_route=\/wp\/v2\/pages"}],"about":[{"href":"https:\/\/conciertosdibujados.com\/index.php?rest_route=\/wp\/v2\/types\/page"}],"author":[{"embeddable":true,"href":"https:\/\/conciertosdibujados.com\/index.php?rest_route=\/wp\/v2\/users\/1"}],"replies":[{"embeddable":true,"href":"https:\/\/conciertosdibujados.com\/index.php?rest_route=%2Fwp%2Fv2%2Fcomments&post=107"}],"version-history":[{"count":13,"href":"https:\/\/conciertosdibujados.com\/index.php?rest_route=\/wp\/v2\/pages\/107\/revisions"}],"predecessor-version":[{"id":191,"href":"https:\/\/conciertosdibujados.com\/index.php?rest_route=\/wp\/v2\/pages\/107\/revisions\/191"}],"wp:attachment":[{"href":"https:\/\/conciertosdibujados.com\/index.php?rest_route=%2Fwp%2Fv2%2Fmedia&parent=107"}],"curies":[{"name":"wp","href":"https:\/\/api.w.org\/{rel}","templated":true}]}}